{"id":89,"date":"2020-06-04T10:31:38","date_gmt":"2020-06-04T10:31:38","guid":{"rendered":"https:\/\/www.dsp.fr\/?page_id=89"},"modified":"2025-05-20T11:14:36","modified_gmt":"2025-05-20T11:14:36","slug":"accueil","status":"publish","type":"page","link":"https:\/\/www.dsp.fr\/","title":{"rendered":"Accueil"},"content":{"rendered":"\t\t<div data-elementor-type=\"wp-page\" data-elementor-id=\"89\" class=\"elementor elementor-89\">\n\t\t\t\t\t\t<section class=\"elementor-section elementor-top-section elementor-element elementor-element-22037939 elementor-section-boxed elementor-section-height-default elementor-section-height-default\" data-id=\"22037939\" data-element_type=\"section\">\n\t\t\t\t\t\t<div class=\"elementor-container elementor-column-gap-no\">\n\t\t\t\t\t<div class=\"elementor-column elementor-col-50 elementor-top-column elementor-element elementor-element-fc40b50\" data-id=\"fc40b50\" data-element_type=\"column\">\n\t\t\t<div class=\"elementor-widget-wrap\">\n\t\t\t\t\t\t\t<\/div>\n\t\t<\/div>\n\t\t\t\t<div class=\"elementor-column elementor-col-50 elementor-top-column elementor-element elementor-element-77c5927d\" data-id=\"77c5927d\" data-element_type=\"column\" data-settings=\"{&quot;background_background&quot;:&quot;classic&quot;}\">\n\t\t\t<div class=\"elementor-widget-wrap elementor-element-populated\">\n\t\t\t\t\t\t<div class=\"elementor-element elementor-element-4be093b7 elementor-absolute animated-slow elementor-widget-tablet__width-initial elementor-invisible elementor-widget elementor-widget-heading\" data-id=\"4be093b7\" data-element_type=\"widget\" data-settings=\"{&quot;_animation&quot;:&quot;fadeIn&quot;,&quot;_position&quot;:&quot;absolute&quot;,&quot;_animation_tablet&quot;:&quot;fadeIn&quot;}\" data-widget_type=\"heading.default\">\n\t\t\t\t<div class=\"elementor-widget-container\">\n\t\t\t\t\t<h2 class=\"elementor-heading-title elementor-size-large\">             Bienvenue<\/h2>\t\t\t\t<\/div>\n\t\t\t\t<\/div>\n\t\t\t\t<div class=\"elementor-element elementor-element-8a59c20 elementor-absolute elementor-hidden-desktop elementor-hidden-tablet elementor-widget elementor-widget-heading\" data-id=\"8a59c20\" data-element_type=\"widget\" data-settings=\"{&quot;_animation_mobile&quot;:&quot;fadeIn&quot;,&quot;_position&quot;:&quot;absolute&quot;}\" data-widget_type=\"heading.default\">\n\t\t\t\t<div class=\"elementor-widget-container\">\n\t\t\t\t\t<h2 class=\"elementor-heading-title elementor-size-default\">Bienvenue<\/h2>\t\t\t\t<\/div>\n\t\t\t\t<\/div>\n\t\t\t\t<section class=\"elementor-section elementor-inner-section elementor-element elementor-element-2042d4dd elementor-reverse-mobile elementor-section-height-min-height elementor-section-boxed elementor-section-height-default\" data-id=\"2042d4dd\" data-element_type=\"section\">\n\t\t\t\t\t\t<div class=\"elementor-container elementor-column-gap-default\">\n\t\t\t\t\t<div class=\"elementor-column elementor-col-100 elementor-inner-column elementor-element elementor-element-65d1fb8e\" data-id=\"65d1fb8e\" data-element_type=\"column\" data-settings=\"{&quot;background_background&quot;:&quot;classic&quot;}\">\n\t\t\t<div class=\"elementor-widget-wrap elementor-element-populated\">\n\t\t\t\t\t\t<div class=\"elementor-element elementor-element-7c73d6d8 elementor-widget__width-initial elementor-absolute elementor-widget-mobile__width-initial elementor-widget-tablet__width-initial elementor-invisible elementor-widget elementor-widget-text-editor\" data-id=\"7c73d6d8\" data-element_type=\"widget\" data-settings=\"{&quot;_position&quot;:&quot;absolute&quot;,&quot;_animation&quot;:&quot;fadeIn&quot;}\" data-widget_type=\"text-editor.default\">\n\t\t\t\t<div class=\"elementor-widget-container\">\n\t\t\t\t\t\t\t\t\t<p>La soci\u00e9t\u00e9 Du Sol au Plafond (DSP) est une entreprise de b\u00e2timent fond\u00e9e en 1996, en neuf et en r\u00e9novation de travaux tous corps d\u2019\u00e9tat et de prestations de second \u0153uvre pour les professionnels comme pour les particuliers. Am\u00e9nagement de bureaux, r\u00e9novation de commerces et d\u2019espaces professionnels, r\u00e9novation d&rsquo;appartement et maison et remise en \u00e9tat apr\u00e8s sinistre.<\/p>\t\t\t\t\t\t\t\t<\/div>\n\t\t\t\t<\/div>\n\t\t\t\t\t<\/div>\n\t\t<\/div>\n\t\t\t\t\t<\/div>\n\t\t<\/section>\n\t\t\t\t<div class=\"elementor-element elementor-element-d9d2ecc elementor-widget__width-initial elementor-absolute elementor-hidden-tablet elementor-hidden-phone elementor-invisible elementor-widget elementor-widget-heading\" data-id=\"d9d2ecc\" data-element_type=\"widget\" data-settings=\"{&quot;_animation&quot;:&quot;fadeIn&quot;,&quot;_position&quot;:&quot;absolute&quot;}\" data-widget_type=\"heading.default\">\n\t\t\t\t<div class=\"elementor-widget-container\">\n\t\t\t\t\t<h2 class=\"elementor-heading-title elementor-size-xl\">Nos Actualit\u00e9s<\/h2>\t\t\t\t<\/div>\n\t\t\t\t<\/div>\n\t\t\t\t<div class=\"elementor-element elementor-element-291b700 elementor-widget__width-initial elementor-absolute elementor-widget-mobile__width-initial elementor-hidden-desktop elementor-invisible elementor-widget elementor-widget-heading\" data-id=\"291b700\" data-element_type=\"widget\" data-settings=\"{&quot;_animation&quot;:&quot;fadeIn&quot;,&quot;_position&quot;:&quot;absolute&quot;}\" data-widget_type=\"heading.default\">\n\t\t\t\t<div class=\"elementor-widget-container\">\n\t\t\t\t\t<h2 class=\"elementor-heading-title elementor-size-xl\">Nos Actualit\u00e9s<\/h2>\t\t\t\t<\/div>\n\t\t\t\t<\/div>\n\t\t\t\t\t<\/div>\n\t\t<\/div>\n\t\t\t\t\t<\/div>\n\t\t<\/section>\n\t\t\t\t<section class=\"elementor-section elementor-top-section elementor-element elementor-element-7d3447b elementor-section-boxed elementor-section-height-default elementor-section-height-default\" data-id=\"7d3447b\" data-element_type=\"section\">\n\t\t\t\t\t\t<div class=\"elementor-container elementor-column-gap-default\">\n\t\t\t\t\t<div class=\"elementor-column elementor-col-33 elementor-top-column elementor-element elementor-element-20d2fe8\" data-id=\"20d2fe8\" data-element_type=\"column\">\n\t\t\t<div class=\"elementor-widget-wrap elementor-element-populated\">\n\t\t\t\t\t\t<div class=\"elementor-element elementor-element-e7fe31c elementor-widget elementor-widget-html\" data-id=\"e7fe31c\" data-element_type=\"widget\" data-widget_type=\"html.default\">\n\t\t\t\t<div class=\"elementor-widget-container\">\n\t\t\t\t\t<iframe src=\"https:\/\/www.linkedin.com\/embed\/feed\/update\/urn:li:share:7306281117605613568?collapsed=1\" height=\"671\" width=\"504\" frameborder=\"0\" allowfullscreen=\"\" title=\"Post int\u00e9gr\u00e9\"><\/iframe>\t\t\t\t<\/div>\n\t\t\t\t<\/div>\n\t\t\t\t\t<\/div>\n\t\t<\/div>\n\t\t\t\t<div class=\"elementor-column elementor-col-33 elementor-top-column elementor-element elementor-element-2809a1f\" data-id=\"2809a1f\" data-element_type=\"column\">\n\t\t\t<div class=\"elementor-widget-wrap elementor-element-populated\">\n\t\t\t\t\t\t<div class=\"elementor-element elementor-element-93116c6 elementor-widget elementor-widget-html\" data-id=\"93116c6\" data-element_type=\"widget\" data-widget_type=\"html.default\">\n\t\t\t\t<div class=\"elementor-widget-container\">\n\t\t\t\t\t<iframe src=\"https:\/\/www.linkedin.com\/embed\/feed\/update\/urn:li:ugcPost:7269313453855588353?collapsed=1\" height=\"878\" width=\"504\" frameborder=\"0\" allowfullscreen=\"\" title=\"Post int\u00e9gr\u00e9\"><\/iframe>\t\t\t\t<\/div>\n\t\t\t\t<\/div>\n\t\t\t\t\t<\/div>\n\t\t<\/div>\n\t\t\t\t<div class=\"elementor-column elementor-col-33 elementor-top-column elementor-element elementor-element-188737e\" data-id=\"188737e\" data-element_type=\"column\">\n\t\t\t<div class=\"elementor-widget-wrap elementor-element-populated\">\n\t\t\t\t\t\t<div class=\"elementor-element elementor-element-65c86b7 elementor-widget elementor-widget-html\" data-id=\"65c86b7\" data-element_type=\"widget\" data-widget_type=\"html.default\">\n\t\t\t\t<div class=\"elementor-widget-container\">\n\t\t\t\t\t<iframe src=\"https:\/\/www.linkedin.com\/embed\/feed\/update\/urn:li:share:7020462173957050368\" height=\"763\" width=\"504\" frameborder=\"0\" allowfullscreen=\"\" title=\"Post int\u00e9gr\u00e9\"><\/iframe>\t\t\t\t<\/div>\n\t\t\t\t<\/div>\n\t\t\t\t\t<\/div>\n\t\t<\/div>\n\t\t\t\t\t<\/div>\n\t\t<\/section>\n\t\t\t\t<\/div>\n\t\t","protected":false},"excerpt":{"rendered":"<p>Bienvenue Bienvenue La soci\u00e9t\u00e9 Du Sol au Plafond (DSP) est une entreprise de b\u00e2timent fond\u00e9e en 1996, en neuf et en r\u00e9novation de travaux tous corps d\u2019\u00e9tat et de prestations de second \u0153uvre pour les professionnels comme pour les particuliers. Am\u00e9nagement de bureaux, r\u00e9novation de commerces et d\u2019espaces professionnels, r\u00e9novation d&rsquo;appartement et maison et remise en \u00e9tat apr\u00e8s sinistre. Nos Actualit\u00e9s Nos Actualit\u00e9s<\/p>\n","protected":false},"author":3,"featured_media":0,"parent":0,"menu_order":0,"comment_status":"closed","ping_status":"closed","template":"","meta":{"footnotes":""},"class_list":["post-89","page","type-page","status-publish","hentry"],"yoast_head":"<!-- This site is optimized with the Yoast SEO plugin v26.4 - https:\/\/yoast.com\/wordpress\/plugins\/seo\/ -->\n<title>Accueil - DSP<\/title>\n<meta name=\"robots\" content=\"index, follow, max-snippet:-1, max-image-preview:large, max-video-preview:-1\" \/>\n<link rel=\"canonical\" href=\"https:\/\/www.dsp.fr\/\" \/>\n<meta property=\"og:locale\" content=\"fr_FR\" \/>\n<meta property=\"og:type\" content=\"article\" \/>\n<meta property=\"og:title\" content=\"Accueil - DSP\" \/>\n<meta property=\"og:description\" content=\"Bienvenue Bienvenue La soci\u00e9t\u00e9 Du Sol au Plafond (DSP) est une entreprise de b\u00e2timent fond\u00e9e en 1996, en neuf et en r\u00e9novation de travaux tous corps d\u2019\u00e9tat et de prestations de second \u0153uvre pour les professionnels comme pour les particuliers. Am\u00e9nagement de bureaux, r\u00e9novation de commerces et d\u2019espaces professionnels, r\u00e9novation d&rsquo;appartement et maison et remise en \u00e9tat apr\u00e8s sinistre. Nos Actualit\u00e9s Nos Actualit\u00e9s\" \/>\n<meta property=\"og:url\" content=\"https:\/\/www.dsp.fr\/\" \/>\n<meta property=\"og:site_name\" content=\"DSP\" \/>\n<meta property=\"article:modified_time\" content=\"2025-05-20T11:14:36+00:00\" \/>\n<meta name=\"twitter:card\" content=\"summary_large_image\" \/>\n<meta name=\"twitter:label1\" content=\"Dur\u00e9e de lecture estim\u00e9e\" \/>\n\t<meta name=\"twitter:data1\" content=\"1 minute\" \/>\n<script type=\"application\/ld+json\" class=\"yoast-schema-graph\">{\"@context\":\"https:\/\/schema.org\",\"@graph\":[{\"@type\":\"WebPage\",\"@id\":\"https:\/\/www.dsp.fr\/\",\"url\":\"https:\/\/www.dsp.fr\/\",\"name\":\"Accueil - DSP\",\"isPartOf\":{\"@id\":\"https:\/\/www.dsp.fr\/#website\"},\"datePublished\":\"2020-06-04T10:31:38+00:00\",\"dateModified\":\"2025-05-20T11:14:36+00:00\",\"breadcrumb\":{\"@id\":\"https:\/\/www.dsp.fr\/#breadcrumb\"},\"inLanguage\":\"fr-FR\",\"potentialAction\":[{\"@type\":\"ReadAction\",\"target\":[\"https:\/\/www.dsp.fr\/\"]}]},{\"@type\":\"BreadcrumbList\",\"@id\":\"https:\/\/www.dsp.fr\/#breadcrumb\",\"itemListElement\":[{\"@type\":\"ListItem\",\"position\":1,\"name\":\"Home\",\"item\":\"https:\/\/www.dsp.fr\/\"},{\"@type\":\"ListItem\",\"position\":2,\"name\":\"Accueil\"}]},{\"@type\":\"WebSite\",\"@id\":\"https:\/\/www.dsp.fr\/#website\",\"url\":\"https:\/\/www.dsp.fr\/\",\"name\":\"DSP\",\"description\":\"\",\"publisher\":{\"@id\":\"https:\/\/www.dsp.fr\/#organization\"},\"potentialAction\":[{\"@type\":\"SearchAction\",\"target\":{\"@type\":\"EntryPoint\",\"urlTemplate\":\"https:\/\/www.dsp.fr\/?s={search_term_string}\"},\"query-input\":{\"@type\":\"PropertyValueSpecification\",\"valueRequired\":true,\"valueName\":\"search_term_string\"}}],\"inLanguage\":\"fr-FR\"},{\"@type\":\"Organization\",\"@id\":\"https:\/\/www.dsp.fr\/#organization\",\"name\":\"DSP\",\"url\":\"https:\/\/www.dsp.fr\/\",\"logo\":{\"@type\":\"ImageObject\",\"inLanguage\":\"fr-FR\",\"@id\":\"https:\/\/www.dsp.fr\/#\/schema\/logo\/image\/\",\"url\":\"https:\/\/www.dsp.fr\/wp-content\/uploads\/2020\/06\/cropped-Logo-accueil-1-3.png\",\"contentUrl\":\"https:\/\/www.dsp.fr\/wp-content\/uploads\/2020\/06\/cropped-Logo-accueil-1-3.png\",\"width\":522,\"height\":328,\"caption\":\"DSP\"},\"image\":{\"@id\":\"https:\/\/www.dsp.fr\/#\/schema\/logo\/image\/\"}}]}<\/script>\n<!-- \/ Yoast SEO plugin. -->","yoast_head_json":{"title":"Accueil - DSP","robots":{"index":"index","follow":"follow","max-snippet":"max-snippet:-1","max-image-preview":"max-image-preview:large","max-video-preview":"max-video-preview:-1"},"canonical":"https:\/\/www.dsp.fr\/","og_locale":"fr_FR","og_type":"article","og_title":"Accueil - DSP","og_description":"Bienvenue Bienvenue La soci\u00e9t\u00e9 Du Sol au Plafond (DSP) est une entreprise de b\u00e2timent fond\u00e9e en 1996, en neuf et en r\u00e9novation de travaux tous corps d\u2019\u00e9tat et de prestations de second \u0153uvre pour les professionnels comme pour les particuliers. Am\u00e9nagement de bureaux, r\u00e9novation de commerces et d\u2019espaces professionnels, r\u00e9novation d&rsquo;appartement et maison et remise en \u00e9tat apr\u00e8s sinistre. Nos Actualit\u00e9s Nos Actualit\u00e9s","og_url":"https:\/\/www.dsp.fr\/","og_site_name":"DSP","article_modified_time":"2025-05-20T11:14:36+00:00","twitter_card":"summary_large_image","twitter_misc":{"Dur\u00e9e de lecture estim\u00e9e":"1 minute"},"schema":{"@context":"https:\/\/schema.org","@graph":[{"@type":"WebPage","@id":"https:\/\/www.dsp.fr\/","url":"https:\/\/www.dsp.fr\/","name":"Accueil - DSP","isPartOf":{"@id":"https:\/\/www.dsp.fr\/#website"},"datePublished":"2020-06-04T10:31:38+00:00","dateModified":"2025-05-20T11:14:36+00:00","breadcrumb":{"@id":"https:\/\/www.dsp.fr\/#breadcrumb"},"inLanguage":"fr-FR","potentialAction":[{"@type":"ReadAction","target":["https:\/\/www.dsp.fr\/"]}]},{"@type":"BreadcrumbList","@id":"https:\/\/www.dsp.fr\/#breadcrumb","itemListElement":[{"@type":"ListItem","position":1,"name":"Home","item":"https:\/\/www.dsp.fr\/"},{"@type":"ListItem","position":2,"name":"Accueil"}]},{"@type":"WebSite","@id":"https:\/\/www.dsp.fr\/#website","url":"https:\/\/www.dsp.fr\/","name":"DSP","description":"","publisher":{"@id":"https:\/\/www.dsp.fr\/#organization"},"potentialAction":[{"@type":"SearchAction","target":{"@type":"EntryPoint","urlTemplate":"https:\/\/www.dsp.fr\/?s={search_term_string}"},"query-input":{"@type":"PropertyValueSpecification","valueRequired":true,"valueName":"search_term_string"}}],"inLanguage":"fr-FR"},{"@type":"Organization","@id":"https:\/\/www.dsp.fr\/#organization","name":"DSP","url":"https:\/\/www.dsp.fr\/","logo":{"@type":"ImageObject","inLanguage":"fr-FR","@id":"https:\/\/www.dsp.fr\/#\/schema\/logo\/image\/","url":"https:\/\/www.dsp.fr\/wp-content\/uploads\/2020\/06\/cropped-Logo-accueil-1-3.png","contentUrl":"https:\/\/www.dsp.fr\/wp-content\/uploads\/2020\/06\/cropped-Logo-accueil-1-3.png","width":522,"height":328,"caption":"DSP"},"image":{"@id":"https:\/\/www.dsp.fr\/#\/schema\/logo\/image\/"}}]}},"_links":{"self":[{"href":"https:\/\/www.dsp.fr\/index.php?rest_route=\/wp\/v2\/pages\/89","targetHints":{"allow":["GET"]}}],"collection":[{"href":"https:\/\/www.dsp.fr\/index.php?rest_route=\/wp\/v2\/pages"}],"about":[{"href":"https:\/\/www.dsp.fr\/index.php?rest_route=\/wp\/v2\/types\/page"}],"author":[{"embeddable":true,"href":"https:\/\/www.dsp.fr\/index.php?rest_route=\/wp\/v2\/users\/3"}],"replies":[{"embeddable":true,"href":"https:\/\/www.dsp.fr\/index.php?rest_route=%2Fwp%2Fv2%2Fcomments&post=89"}],"version-history":[{"count":68,"href":"https:\/\/www.dsp.fr\/index.php?rest_route=\/wp\/v2\/pages\/89\/revisions"}],"predecessor-version":[{"id":604,"href":"https:\/\/www.dsp.fr\/index.php?rest_route=\/wp\/v2\/pages\/89\/revisions\/604"}],"wp:attachment":[{"href":"https:\/\/www.dsp.fr\/index.php?rest_route=%2Fwp%2Fv2%2Fmedia&parent=89"}],"curies":[{"name":"wp","href":"https:\/\/api.w.org\/{rel}","templated":true}]}}